{"id":481,"date":"2017-03-12T16:27:49","date_gmt":"2017-03-12T15:27:49","guid":{"rendered":"https:\/\/www.mcm-systeme.de\/blog\/agb-2"},"modified":"2025-05-06T17:27:50","modified_gmt":"2025-05-06T15:27:50","slug":"imprint","status":"publish","type":"page","link":"https:\/\/www.mcm-systeme.de\/ratgeber\/imprint","title":{"rendered":"Impressum"},"content":{"rendered":"<p><span style=\"font-size: 14px;\"><strong><span style=\"font-size: 16px;\">Impressum<\/span><\/strong><\/span><\/p>\n<p>Gesetzliche Anbieterkennung:<\/p>\n<p><strong>GbR Masurek, Chris\/Baum, Marc<\/strong><br \/>\n<strong>vertreten durch die Gesellschafter: Marc Baum, Chris Masurek<\/strong><br \/>\n<strong>Albertstra\u00dfe 4<\/strong><br \/>\n<strong>41751 Viersen<\/strong><br \/>\n<strong>Deutschland<\/strong><br \/>\n<strong>Telefon: +49 2162 815 2964<\/strong><\/p>\n<p><strong>E-Mail: info@mcm-systeme.de <\/strong><br \/>\n<strong>USt-IdNr.: DE269080158<\/strong><\/p>\n<p><strong>E-Mail: info@mcm-systeme.de <\/strong><br \/>\n<strong>USt-IdNr.: DE269080158<\/strong><\/p>\n<p><span style=\"font-size: 14px;\"><strong>Alternative Streitbeilegung:<\/strong><br \/>\nDie Europ\u00e4ische Kommission stellt eine Plattform f\u00fcr die au\u00dfergerichtliche Online-Streitbeilegung (OS-Plattform) bereit, aufrufbar unter\u00a0<\/span><a style=\"font-size: 14px;\" href=\"https:\/\/ec.europa.eu\/consumers\/odr\" target=\"_blank\" rel=\"noopener\">https:\/\/ec.europa.eu\/odr<\/a><span style=\"font-size: 14px;\">.<\/span><\/p>\n<p><span style=\"font-size: 14px;\">Wir sind nicht bereit und nicht verpflichtet, an Streitbeilegungsverfahren vor Verbraucherschlichtungsstellen teilzunehmen.<\/span><\/p>\n<p><span style=\"font-size: 14px;\"><strong>Wir sind seit\u00a0<\/strong><\/span><span style=\"font-size: 14px;\"><strong>07.09.2021\u00a0<\/strong><\/span><span style=\"font-size: 14px;\"><strong>Mitglied der Initiative &#8222;FairCommerce&#8220;.<\/strong><br \/>\nN\u00e4here Informationen hierzu finden Sie unter\u00a0<a href=\"https:\/\/www.haendlerbund.de\/de\/haendlerbund\/interessenvertretung\/faircommerce\" target=\"_blank\" rel=\"noopener\">www.haendlerbund.de\/faircommerce<\/a>.<\/span><\/p>\n","protected":false},"excerpt":{"rendered":"<p>Impressum Gesetzliche Anbieterkennung: GbR Masurek, Chris\/Baum, Marc vertreten durch die Gesellschafter: Marc Baum, Chris Masurek Albertstra\u00dfe 4 41751 Viersen Deutschland Telefon: +49 2162 815 2964 E-Mail: info@mcm-systeme.de USt-IdNr.: DE269080158 E-Mail: info@mcm-systeme.de USt-IdNr.: DE269080158 Alternative Streitbeilegung: Die Europ\u00e4ische Kommission stellt eine Plattform f\u00fcr die au\u00dfergerichtliche Online-Streitbeilegung (OS-Plattform) bereit, aufrufbar unter\u00a0https:\/\/ec.europa.eu\/odr. Wir &hellip;<\/p>\n","protected":false},"author":1,"featured_media":0,"parent":0,"menu_order":0,"comment_status":"closed","ping_status":"closed","template":"","meta":{"_crdt_document":"","_lmt_disableupdate":"","_lmt_disable":"","footnotes":""},"class_list":["post-481","page","type-page","status-publish","hentry"],"jetpack-related-posts":[{"id":2279,"url":"https:\/\/www.mcm-systeme.de\/ratgeber\/widerrufsbelehrung1","url_meta":{"origin":481,"position":0},"title":"Widerrufsbelehrung","author":"Chris Masurek","date":"9. Juli 2022","format":false,"excerpt":"Widerrufsrecht f\u00fcr Verbraucher\u00a0 (Verbraucher ist jede nat\u00fcrliche Person, die ein Rechtsgesch\u00e4ft zu Zwecken abschlie\u00dft, die \u00fcberwiegend weder ihrer gewerblichen noch ihrer selbstst\u00e4ndigen beruflichen T\u00e4tigkeit zugerechnet werden k\u00f6nnen.) Widerrufsbelehrung Widerrufsrecht Sie haben das Recht, binnen 14 Tagen ohne Angabe von Gr\u00fcnden diesen Vertrag zu widerrufen. Die Widerrufsfrist betr\u00e4gt 14 Tage ab\u2026","rel":"","context":"\u00c4hnlicher Beitrag","block_context":{"text":"\u00c4hnlicher Beitrag","link":""},"img":{"alt_text":"","src":"","width":0,"height":0},"classes":[]},{"id":2277,"url":"https:\/\/www.mcm-systeme.de\/ratgeber\/allgemeine_geschaeftsbedingungen","url_meta":{"origin":481,"position":1},"title":"Allgemeine Gesch\u00e4ftsbedingungen","author":"Chris Masurek","date":"9. Juli 2022","format":false,"excerpt":"Allgemeine Gesch\u00e4ftsbedingungen und Kundeninformationen I. Allgemeine Gesch\u00e4ftsbedingungen \u00a7 1 Grundlegende Bestimmungen (1) Die nachstehenden Gesch\u00e4ftsbedingungen gelten f\u00fcr Vertr\u00e4ge, die Sie mit uns als Anbieter (GbR Masurek, Chris\/Baum, Marc) \u00fcber die Internetseite www.mcm-systeme.de schlie\u00dfen. Soweit nicht anders vereinbart, wird der Einbeziehung gegebenenfalls von Ihnen verwendeter eigener Bedingungen widersprochen. (2) Verbraucher im\u2026","rel":"","context":"\u00c4hnlicher Beitrag","block_context":{"text":"\u00c4hnlicher Beitrag","link":""},"img":{"alt_text":"","src":"","width":0,"height":0},"classes":[]},{"id":2640,"url":"https:\/\/www.mcm-systeme.de\/ratgeber\/batteriehinweise","url_meta":{"origin":481,"position":2},"title":"Batteriehinweise","author":"Chris Masurek","date":"30. Mai 2024","format":false,"excerpt":"","rel":"","context":"\u00c4hnlicher Beitrag","block_context":{"text":"\u00c4hnlicher Beitrag","link":""},"img":{"alt_text":"","src":"","width":0,"height":0},"classes":[]},{"id":2641,"url":"https:\/\/www.mcm-systeme.de\/ratgeber\/versandkosten","url_meta":{"origin":481,"position":3},"title":"Versandkosten","author":"Chris Masurek","date":"30. Mai 2024","format":false,"excerpt":"Zahlung und Versand Es gelten folgende Bedingungen: Die Lieferung erfolgt im Inland (Deutschland)\u00a0und in die nachstehenden L\u00e4nder: \u00d6sterreich, Schweiz, Niederlande. Versandkosten (inklusive gesetzliche Mehrwertsteuer) Lieferungen im Inland (Deutschland):\u00a0 Wir berechnen die Versandkosten pauschal mit 4,90 \u20ac pro Bestellung. Bei der Versendung sperriger G\u00fcter (Speditionsversand) berechnen wir wie folgt: Palettenware wird\u2026","rel":"","context":"\u00c4hnlicher Beitrag","block_context":{"text":"\u00c4hnlicher Beitrag","link":""},"img":{"alt_text":"","src":"","width":0,"height":0},"classes":[]},{"id":1076,"url":"https:\/\/www.mcm-systeme.de\/ratgeber\/informationen-zu-cookies","url_meta":{"origin":481,"position":4},"title":"Informationen zu Cookies","author":"Chris Masurek","date":"27. M\u00e4rz 2017","format":false,"excerpt":"Was ist ein Cookie? Ein Cookie ist eine kleine Textdatei die auf Ihrem Computer gespeichert wird, wenn Sie eine Webseite besuchen. Diese Textdatei speichert Informationen, welche von der Webseite gelesen werden k\u00f6nnen, wenn Sie diese zu einem sp\u00e4teren Zeitpunkt erneut besuchen. Einige Cookies sind notwendig, damit die Seite einwandfrei funktionieren\u2026","rel":"","context":"\u00c4hnlicher Beitrag","block_context":{"text":"\u00c4hnlicher Beitrag","link":""},"img":{"alt_text":"","src":"","width":0,"height":0},"classes":[]},{"id":483,"url":"https:\/\/www.mcm-systeme.de\/ratgeber\/privacy","url_meta":{"origin":481,"position":5},"title":"Datenschutzerkl&auml;rung","author":"Chris Masurek","date":"12. M\u00e4rz 2017","format":false,"excerpt":"Datenschutzerkl\u00e4rung Soweit nachstehend keine anderen Angaben gemacht werden, ist die Bereitstellung Ihrer personenbezogenen Daten weder gesetzlich oder vertraglich vorgeschrieben, noch f\u00fcr einen Vertragsabschluss erforderlich. Sie sind zur Bereitstellung der Daten nicht verpflichtet. Eine Nichtbereitstellung hat keine Folgen. Dies gilt nur soweit bei den nachfolgenden Verarbeitungsvorg\u00e4ngen keine anderweitige Angabe gemacht wird.\u2026","rel":"","context":"\u00c4hnlicher Beitrag","block_context":{"text":"\u00c4hnlicher Beitrag","link":""},"img":{"alt_text":"","src":"","width":0,"height":0},"classes":[]}],"jetpack_sharing_enabled":true,"_links":{"self":[{"href":"https:\/\/www.mcm-systeme.de\/ratgeber\/wp-json\/wp\/v2\/pages\/481","targetHints":{"allow":["GET"]}}],"collection":[{"href":"https:\/\/www.mcm-systeme.de\/ratgeber\/wp-json\/wp\/v2\/pages"}],"about":[{"href":"https:\/\/www.mcm-systeme.de\/ratgeber\/wp-json\/wp\/v2\/types\/page"}],"author":[{"embeddable":true,"href":"https:\/\/www.mcm-systeme.de\/ratgeber\/wp-json\/wp\/v2\/users\/1"}],"replies":[{"embeddable":true,"href":"https:\/\/www.mcm-systeme.de\/ratgeber\/wp-json\/wp\/v2\/comments?post=481"}],"version-history":[{"count":6,"href":"https:\/\/www.mcm-systeme.de\/ratgeber\/wp-json\/wp\/v2\/pages\/481\/revisions"}],"predecessor-version":[{"id":2757,"href":"https:\/\/www.mcm-systeme.de\/ratgeber\/wp-json\/wp\/v2\/pages\/481\/revisions\/2757"}],"wp:attachment":[{"href":"https:\/\/www.mcm-systeme.de\/ratgeber\/wp-json\/wp\/v2\/media?parent=481"}],"curies":[{"name":"wp","href":"https:\/\/api.w.org\/{rel}","templated":true}]}}