{"id":2641,"date":"2024-05-30T19:21:52","date_gmt":"2024-05-30T19:21:52","guid":{"rendered":""},"modified":"-0001-11-30T00:00:00","modified_gmt":"-0001-11-29T22:00:00","slug":"versandkosten","status":"publish","type":"page","link":"https:\/\/www.mcm-systeme.de\/ratgeber\/versandkosten","title":{"rendered":"Versandkosten"},"content":{"rendered":"<p><span style=\"font-size:18px;\"><strong>Zahlung und Versand<\/strong><\/span><\/p>\n<p><span style=\"font-size:14px;\">Es gelten folgende Bedingungen:<\/span><\/p>\n<p><span style=\"font-size: 14px;\">Die Lieferung erfolgt im Inland (Deutschland)&nbsp;<\/span><span style=\"font-size: 14px;\"><\/span><span style=\"font-size:14px;\">und in die nachstehenden L&auml;nder<\/span>: <span style=\"font-size:14px;\">&Ouml;sterreich, Schweiz, Niederlande<\/span><span style=\"font-size: 14px;\">.<\/span><\/p>\n<p><strong><span style=\"font-size:16px;\">Versandkosten<\/span><\/strong><span style=\"font-size:14px;\"> <\/span><span style=\"font-size:14px;\">(inklusive gesetzliche Mehrwertsteuer)<\/span><\/p>\n<p><strong><span style=\"font-size:14px;\">Lieferungen im Inland (Deutschland):&nbsp;<\/span><\/strong><\/p>\n<p><span style=\"font-size:14px;\">Wir berechnen die Versandkosten pauschal mit 4,90 &euro; pro Bestellung.<\/span><\/p>\n<p><span style=\"font-size: 14px;\">Bei der Versendung sperriger G&uuml;ter (Speditionsversand) berechnen wir wie folgt:<\/span><br \/>\n<span style=\"font-size: 14px;\">Palettenware wird per Spedition versendet- 75,90 \u20ac<br \/>\nSperrg&uuml;ter (z. B. 5 m lange Rohre) werden per Spedition versendet &#150; 139,95 \u20ac<\/span><\/p>\n<p><span style=\"font-size:14px;\">Sperrige G&uuml;ter sind als solche in der Artikelbeschreibung gekennzeichnet.<\/span><\/p>\n<p><strong><span style=\"font-size:14px;\">Lieferungen ins Ausland<\/span><span style=\"font-size:14px;\">:<\/span><\/strong><\/p>\n<p><span style=\"font-size:14px;\">Wir berechnen die Versandkosten ins Ausland pauschal wie folgt:<\/p>\n<p>&Ouml;sterreich: 9,95 \u20ac<br \/>\nLuxemburg: 9,95 \u20ac<br \/>\nNiederlande: 9,95 \u20ac<br \/>\nBelgien: 9,95 \u20ac<br \/>\nD&auml;nemark: 9,95 \u20ac<br \/>\nFrankreich: 19,90<\/span><br \/>\n<span style=\"font-size:18px;\"><strong>Lieferfristen<\/strong><\/span><\/p>\n<p><span style=\"font-size:14px;\">Soweit im jeweiligen Angebot keine andere Frist angegeben ist, erfolgt die Lieferung der Ware im Inland (Deutschland) innerhalb von 2 &#8211; 3 Werktagen, bei Auslandslieferungen innerhalb von 3 &#8211; 6 Werktagen nach Vertragsschluss (bei vereinbarter Vorauszahlung nach dem Zeitpunkt Ihrer Zahlungsanweisung).<\/span><br \/>\n<span style=\"font-size:14px;\">Beachten Sie, dass an Sonn- und Feiertagen keine Zustellung erfolgt.<\/span><br \/>\n<span style=\"font-size:14px;\">Haben Sie Artikel mit unterschiedlichen Lieferzeiten bestellt, versenden wir die Ware in einer gemeinsamen Sendung, sofern wir keine abweichenden Vereinbarungen mit Ihnen getroffen haben.<\/span> <span style=\"font-size:14px;\">Die Lieferzeit bestimmt sich in diesem Fall nach dem Artikel mit der l&auml;ngsten Lieferzeit den Sie bestellt haben.<\/span><\/p>\n<p><strong><span style=\"font-size:18px;\">Akzeptierte Zahlungsm&ouml;glichkeiten<\/span><\/strong><\/p>\n<p><span style=\"font-size:14px;\"><strong>&#8211;&nbsp; <\/strong>Vorkasse per &Uuml;berweisung<\/span><\/p>\n<p><strong><span style=\"font-size:14px;\">&Uuml;ber PayPal Checkout:<\/span><\/strong><br \/>\n<span style=\"font-size:14px;\">&#8211; Zahlung per PayPal<\/span><br \/>\n<span style=\"font-size:14px;\">&#8211;&nbsp;Zahlung per PayPal Express<\/span><br \/>\n<span style=\"font-size:14px;\">&#8211; Zahlung per Kreditkarte<\/span><br \/>\n<span style=\"font-size:14px;\">&#8211; Zahlung per SEPA-Lastschrift<\/span><br \/>\n<span style=\"font-size:14px;\">&#8211; Zahlung per &quot;Sp&auml;ter bezahlen&quot;<\/span><br \/>\n<span style=\"font-size:14px;\">&#8211; Zahlung per Ratenzahlung<\/span><br \/>\n<span style=\"font-size:14px;\">&#8211; Zahlung per Sofort\/Sofort&uuml;berweisung<\/span><br \/>\n<span style=\"font-size:14px;\">&#8211; Zahlung per giropay<\/span><br \/>\n<span style=\"font-size:14px;\">&#8211; Zahlung per Rechnung (&uuml;ber Ratepay)<\/span><\/p>\n<p><strong><span style=\"font-size:14px;\">&Uuml;ber Mollie:<\/span><\/strong><br \/>\n<span style=\"font-size:14px;\">&#8211; Zahlung per Sofort\/Sofort&uuml;berweisung<\/span><br \/>\n<span style=\"font-size:14px;\">&#8211; Zahlung per SEPA-Lastschrift (&uuml;ber Klarna)<\/span><br \/>\n<span style=\"font-size:14px;\">&#8211; Zahlung per Kreditkarte (&uuml;ber Klarna)<\/span><br \/>\n<span style=\"font-size:14px;\">&#8211; Zahlung per Rechnung (&uuml;ber Klarna)<\/span><br \/>\n<span style=\"font-size:14px;\">&#8211; Zahlung per Ratenkauf (&uuml;ber Klarna)<\/span><br \/>\n<span style=\"font-size:14px;\">&#8211; Zahlung per Kreditkarte<\/span><br \/>\n<span style=\"font-size:14px;\">&#8211; Zahlung per giropay<\/span><br \/>\n<span style=\"font-size:14px;\">&#8211; Zahlung per PayPal<\/span><br \/>\n<span style=\"font-size:14px;\">&#8211; Zahlung per Apple Pay<\/span><\/p>\n<p><span style=\"font-size:14px;\">Bei Fragen finden Sie unsere Kontaktdaten im Impressum.<\/span><\/p>\n","protected":false},"excerpt":{"rendered":"<p>Zahlung und Versand Es gelten folgende Bedingungen: Die Lieferung erfolgt im Inland (Deutschland)&nbsp;und in die nachstehenden L&auml;nder: &Ouml;sterreich, Schweiz, Niederlande. Versandkosten (inklusive gesetzliche Mehrwertsteuer) Lieferungen im Inland (Deutschland):&nbsp; Wir berechnen die Versandkosten pauschal mit 4,90 &euro; pro Bestellung. Bei der Versendung sperriger G&uuml;ter (Speditionsversand) berechnen wir wie folgt: Palettenware wird &hellip;<\/p>\n","protected":false},"author":1,"featured_media":0,"parent":0,"menu_order":0,"comment_status":"closed","ping_status":"closed","template":"","meta":{"_crdt_document":"","_lmt_disableupdate":"","_lmt_disable":"","footnotes":""},"class_list":["post-2641","page","type-page","status-publish","hentry"],"jetpack-related-posts":[{"id":2277,"url":"https:\/\/www.mcm-systeme.de\/ratgeber\/allgemeine_geschaeftsbedingungen","url_meta":{"origin":2641,"position":0},"title":"Allgemeine Gesch\u00e4ftsbedingungen","author":"Chris Masurek","date":"9. Juli 2022","format":false,"excerpt":"Allgemeine Gesch\u00e4ftsbedingungen und Kundeninformationen I. Allgemeine Gesch\u00e4ftsbedingungen \u00a7 1 Grundlegende Bestimmungen (1) Die nachstehenden Gesch\u00e4ftsbedingungen gelten f\u00fcr Vertr\u00e4ge, die Sie mit uns als Anbieter (GbR Masurek, Chris\/Baum, Marc) \u00fcber die Internetseite www.mcm-systeme.de schlie\u00dfen. Soweit nicht anders vereinbart, wird der Einbeziehung gegebenenfalls von Ihnen verwendeter eigener Bedingungen widersprochen. (2) Verbraucher im\u2026","rel":"","context":"\u00c4hnlicher Beitrag","block_context":{"text":"\u00c4hnlicher Beitrag","link":""},"img":{"alt_text":"","src":"","width":0,"height":0},"classes":[]},{"id":2279,"url":"https:\/\/www.mcm-systeme.de\/ratgeber\/widerrufsbelehrung1","url_meta":{"origin":2641,"position":1},"title":"Widerrufsbelehrung","author":"Chris Masurek","date":"9. Juli 2022","format":false,"excerpt":"Widerrufsrecht f\u00fcr Verbraucher\u00a0 (Verbraucher ist jede nat\u00fcrliche Person, die ein Rechtsgesch\u00e4ft zu Zwecken abschlie\u00dft, die \u00fcberwiegend weder ihrer gewerblichen noch ihrer selbstst\u00e4ndigen beruflichen T\u00e4tigkeit zugerechnet werden k\u00f6nnen.) Widerrufsbelehrung Widerrufsrecht Sie haben das Recht, binnen 14 Tagen ohne Angabe von Gr\u00fcnden diesen Vertrag zu widerrufen. Die Widerrufsfrist betr\u00e4gt 14 Tage ab\u2026","rel":"","context":"\u00c4hnlicher Beitrag","block_context":{"text":"\u00c4hnlicher Beitrag","link":""},"img":{"alt_text":"","src":"","width":0,"height":0},"classes":[]},{"id":483,"url":"https:\/\/www.mcm-systeme.de\/ratgeber\/privacy","url_meta":{"origin":2641,"position":2},"title":"Datenschutzerkl&auml;rung","author":"Chris Masurek","date":"12. M\u00e4rz 2017","format":false,"excerpt":"Datenschutzerkl\u00e4rung Soweit nachstehend keine anderen Angaben gemacht werden, ist die Bereitstellung Ihrer personenbezogenen Daten weder gesetzlich oder vertraglich vorgeschrieben, noch f\u00fcr einen Vertragsabschluss erforderlich. Sie sind zur Bereitstellung der Daten nicht verpflichtet. Eine Nichtbereitstellung hat keine Folgen. Dies gilt nur soweit bei den nachfolgenden Verarbeitungsvorg\u00e4ngen keine anderweitige Angabe gemacht wird.\u2026","rel":"","context":"\u00c4hnlicher Beitrag","block_context":{"text":"\u00c4hnlicher Beitrag","link":""},"img":{"alt_text":"","src":"","width":0,"height":0},"classes":[]},{"id":481,"url":"https:\/\/www.mcm-systeme.de\/ratgeber\/imprint","url_meta":{"origin":2641,"position":3},"title":"Impressum","author":"Chris Masurek","date":"12. M\u00e4rz 2017","format":false,"excerpt":"Impressum Gesetzliche Anbieterkennung: GbR Masurek, Chris\/Baum, Marc vertreten durch die Gesellschafter: Marc Baum, Chris Masurek Albertstra\u00dfe 4 41751 Viersen Deutschland Telefon: +49 2162 815 2964 E-Mail: info@mcm-systeme.de USt-IdNr.: DE269080158 E-Mail: info@mcm-systeme.de USt-IdNr.: DE269080158 Alternative Streitbeilegung: Die Europ\u00e4ische Kommission stellt eine Plattform f\u00fcr die au\u00dfergerichtliche Online-Streitbeilegung (OS-Plattform) bereit, aufrufbar unter\u00a0https:\/\/ec.europa.eu\/odr. Wir\u2026","rel":"","context":"\u00c4hnlicher Beitrag","block_context":{"text":"\u00c4hnlicher Beitrag","link":""},"img":{"alt_text":"","src":"","width":0,"height":0},"classes":[]}],"jetpack_sharing_enabled":true,"_links":{"self":[{"href":"https:\/\/www.mcm-systeme.de\/ratgeber\/wp-json\/wp\/v2\/pages\/2641","targetHints":{"allow":["GET"]}}],"collection":[{"href":"https:\/\/www.mcm-systeme.de\/ratgeber\/wp-json\/wp\/v2\/pages"}],"about":[{"href":"https:\/\/www.mcm-systeme.de\/ratgeber\/wp-json\/wp\/v2\/types\/page"}],"author":[{"embeddable":true,"href":"https:\/\/www.mcm-systeme.de\/ratgeber\/wp-json\/wp\/v2\/users\/1"}],"replies":[{"embeddable":true,"href":"https:\/\/www.mcm-systeme.de\/ratgeber\/wp-json\/wp\/v2\/comments?post=2641"}],"version-history":[{"count":0,"href":"https:\/\/www.mcm-systeme.de\/ratgeber\/wp-json\/wp\/v2\/pages\/2641\/revisions"}],"wp:attachment":[{"href":"https:\/\/www.mcm-systeme.de\/ratgeber\/wp-json\/wp\/v2\/media?parent=2641"}],"curies":[{"name":"wp","href":"https:\/\/api.w.org\/{rel}","templated":true}]}}