{"id":2279,"date":"2022-07-09T19:13:19","date_gmt":"2022-07-09T19:13:19","guid":{"rendered":""},"modified":"-0001-11-30T00:00:00","modified_gmt":"-0001-11-29T22:00:00","slug":"widerrufsbelehrung1","status":"publish","type":"page","link":"https:\/\/www.mcm-systeme.de\/ratgeber\/widerrufsbelehrung1","title":{"rendered":"Widerrufsbelehrung"},"content":{"rendered":"<p><span style=\"font-size:14px;\"><strong><span style=\"font-size:18px;\">Widerrufsrecht f&uuml;r Verbraucher&nbsp;<\/span><\/strong><\/span><span style=\"font-size:14px;\"><strong><span style=\"font-size:18px;\"><span style=\"font-size:14px;\"><span style=\"font-size:18px;\"><\/span><\/span><\/span><\/strong><\/span><br \/>\n<span style=\"font-size:14px;\">(Verbraucher ist jede nat&uuml;rliche Person, die ein Rechtsgesch&auml;ft zu Zwecken abschlie&szlig;t, die &uuml;berwiegend weder ihrer gewerblichen noch ihrer selbstst&auml;ndigen beruflichen T&auml;tigkeit zugerechnet werden k&ouml;nnen.)<\/span><\/p>\n<p><span style=\"font-size:16px;\"><strong>Widerrufsbelehrung<\/strong><\/span><\/p>\n<p><span style=\"font-size:14px;\"><strong>Widerrufsrecht<\/strong><br \/>\nSie haben das Recht, binnen 14 Tagen ohne Angabe von Gr&uuml;nden diesen Vertrag zu widerrufen.<br \/>\nDie Widerrufsfrist betr&auml;gt 14 Tage ab dem Tag, <\/span><\/p>\n<p><span style=\"font-size:14px;\">&#8211; an dem Sie oder ein von Ihnen benannter Dritter, der nicht der Bef&ouml;rderer ist, die Waren in Besitz genommen haben bzw. hat, sofern Sie eine oder mehrere Waren im Rahmen einer einheitlichen Bestellung bestellt haben und diese einheitlich geliefert wird bzw. werden<\/span>;<\/p>\n<p><span style=\"font-size:14px;\">&#8211; an dem Sie oder ein von Ihnen benannter Dritter, der nicht der Bef&ouml;rderer ist, die letzte Ware in Besitz genommen haben bzw. hat, sofern Sie mehrere Waren im Rahmen einer einheitlichen Bestellung bestellt haben und diese getrennt geliefert werden<\/span>;<\/p>\n<p><span style=\"font-size:14px;\">&#8211; an dem Sie oder ein von Ihnen benannter Dritter, der nicht der Bef&ouml;rderer ist, die letzte Teilsendung oder das letzte St&uuml;ck in Besitz genommen haben bzw. hat, sofern Sie eine Ware bestellt haben, die in mehreren Teilsendungen oder St&uuml;cken geliefert wird<\/span>;<\/p>\n<p><span style=\"font-size:14px;\">Um Ihr Widerrufsrecht auszu&uuml;ben, m&uuml;ssen Sie uns <strong>(GbR Masurek, Chris\/Baum, Marc, Krefelder Str. 332, 41748 Viersen,  Telefonnr.: 021629159425,   E-Mail-Adresse: info@mcm-systeme.de)<\/strong> mittels einer eindeutigen Erkl&auml;rung (z.B. ein mit der Post versandter Brief oder eine E-Mail) &uuml;ber Ihren Entschluss, diesen Vertrag zu widerrufen, informieren. Sie k&ouml;nnen daf&uuml;r das beigef&uuml;gte Muster-Widerrufsformular verwenden, das jedoch nicht vorgeschrieben ist.<\/span><\/p>\n<p><span style=\"font-size:14px;\">Zur Wahrung der Widerrufsfrist reicht es aus, dass Sie die Mitteilung &uuml;ber die Aus&uuml;bung des Widerrufsrechts vor Ablauf der Widerrufsfrist absenden.<\/span><\/p>\n<p><span style=\"font-size:14px;\"><strong>Folgen des Widerrufs<\/strong><\/p>\n<p>Wenn Sie diesen Vertrag widerrufen, haben wir Ihnen alle Zahlungen, die wir von Ihnen erhalten haben, einschlie&szlig;lich der Lieferkosten (mit Ausnahme der zus&auml;tzlichen Kosten, die sich daraus ergeben, dass Sie eine andere Art der Lieferung als die von uns angebotene, g&uuml;nstigste Standardlieferung gew&auml;hlt haben), unverz&uuml;glich und sp&auml;testens binnen 14<span style=\"font-size:14px;\">&nbsp;Tagen<\/span> ab dem Tag zur&uuml;ckzuzahlen, an dem die Mitteilung &uuml;ber Ihren Widerruf dieses Vertrags bei uns eingegangen ist. F&uuml;r diese R&uuml;ckzahlung verwenden wir dasselbe Zahlungsmittel, das Sie bei der urspr&uuml;nglichen Transaktion eingesetzt haben, es sei denn, mit Ihnen wurde ausdr&uuml;cklich etwas anderes vereinbart; in keinem Fall werden Ihnen wegen dieser R&uuml;ckzahlung Entgelte berechnet.<\/span><\/p>\n<p><span style=\"font-size:14px;\">Wir k&ouml;nnen die R&uuml;ckzahlung verweigern, bis wir die Waren wieder zur&uuml;ckerhalten haben oder bis Sie den Nachweis erbracht haben, dass Sie die Waren zur&uuml;ckgesandt haben, je nachdem, welches der fr&uuml;here Zeitpunkt ist.<\/span><\/p>\n<p><span style=\"font-size:14px;\">Sie haben die Waren unverz&uuml;glich und in jedem Fall sp&auml;testens binnen 14<span style=\"font-size:14px;\"><span style=\"font-size:14px;\"><span style=\"font-size:14px;\">&nbsp;Tagen<\/span><\/span> <\/span>ab dem Tag, an dem Sie uns &uuml;ber den Widerruf dieses Vertrags unterrichten, an uns&nbsp;<\/span><span style=\"font-size:14px;\"> oder an Albertstra&szlig;e 4, 41751 Viersen <\/span><span style=\"font-size:14px;\">zur&uuml;ckzusenden oder zu &uuml;bergeben. Die Frist ist gewahrt, wenn Sie die Waren vor Ablauf der Frist von <span style=\"font-size:14px;\">14 Tagen<\/span> absenden.<\/span><\/p>\n<p><span style=\"font-size:14px;\">Sie tragen die unmittelbaren Kosten der R&uuml;cksendung paketversandf&auml;higer Waren sowie die unmittelbaren Kosten der R&uuml;cksendung nicht paketversandf&auml;higer Waren.<\/span><span style=\"font-size: 14px;\">&nbsp;<\/span><span style=\"font-size:14px;\">Die Kosten f&uuml;r nicht paketversandf&auml;hige Waren werden auf h&ouml;chstens etwa 50 EUR gesch&auml;tzt.<\/span><\/p>\n<p><span style=\"font-size:14px;\">Sie m&uuml;ssen f&uuml;r einen etwaigen Wertverlust der Waren nur aufkommen, wenn dieser Wertverlust auf einen zur Pr&uuml;fung der Beschaffenheit, Eigenschaften und Funktionsweise der Waren nicht notwendigen Umgang mit ihnen zur&uuml;ckzuf&uuml;hren ist.<\/span><\/p>\n<p><span style=\"font-size:14px;\"><strong>Ausschluss- bzw. Erl&ouml;schensgr&uuml;nde<\/strong><\/p>\n<p>Das Widerrufsrecht besteht nicht bei Vertr&auml;gen<\/span><\/p>\n<p><span style=\"font-size:14px;\">&#8211; zur Lieferung von Waren, die nicht vorgefertigt sind und f&uuml;r deren Herstellung eine individuelle Auswahl oder Bestimmung durch den Verbraucher ma&szlig;geblich ist oder die eindeutig auf die pers&ouml;nlichen Bed&uuml;rfnisse des Verbrauchers zugeschnitten sind;<\/span><br \/>\n<span style=\"font-size:14px;\">&#8211; zur Lieferung von Waren, die schnell verderben k&ouml;nnen oder deren Verfallsdatum schnell &uuml;berschritten w&uuml;rde;<\/span><br \/>\n<span style=\"font-size:14px;\">&#8211; zur Lieferung alkoholischer Getr&auml;nke, deren Preis bei Vertragsschluss vereinbart wurde, die aber fr&uuml;hestens 30 Tage nach Vertragsschluss geliefert werden k&ouml;nnen und deren aktueller Wert von Schwankungen auf dem Markt abh&auml;ngt, auf die der Unternehmer keinen Einfluss hat;<\/span><br \/>\n<span style=\"font-size:14px;\">&#8211; zur Lieferung von Zeitungen, Zeitschriften oder Illustrierten mit Ausnahme von Abonnement-Vertr&auml;gen.<\/span><\/p>\n<p><span style=\"font-size:14px;\">Das Widerrufsrecht erlischt vorzeitig bei Vertr&auml;gen<\/span><\/p>\n<p><span style=\"font-size:14px;\"><span style=\"font-size:14px;\">&#8211; zur Lieferung versiegelter Waren, die aus Gr&uuml;nden des Gesundheitsschutzes oder der Hygiene nicht zur R&uuml;ckgabe geeignet sind, wenn ihre Versiegelung nach der Lieferung entfernt wurde;<\/span><\/span><br \/>\n<span style=\"font-size:14px;\"><span style=\"font-size:14px;\">&#8211; zur Lieferung von Waren, wenn diese nach der Lieferung aufgrund ihrer Beschaffenheit untrennbar mit anderen G&uuml;tern vermischt wurden;<\/span><\/span><br \/>\n<span style=\"font-size:14px;\"><span style=\"font-size:14px;\">&#8211; zur Lieferung von Ton- oder Videoaufnahmen oder Computersoftware in einer versiegelten Packung, wenn die Versiegelung nach der Lieferung entfernt wurde.<\/span><\/span><\/p>\n<hr \/>\n<p>\n<span style=\"font-size:14px;\"><strong>Muster-Widerrufsformular<\/strong><\/p>\n<p>(Wenn Sie den Vertrag widerrufen wollen, dann f&uuml;llen Sie bitte dieses Formular aus und senden Sie es zur&uuml;ck.)<\/p>\n<p>&#8211; An <span style=\"font-size:14px;\"><span style=\"font-size:14px;\">GbR Masurek, Chris\/Baum, Marc, Krefelder Str. 332, 41748 Viersen<span style=\"font-size:14px;\"><span style=\"font-size:14px;\">,<\/span><\/span><span style=\"font-size:14px;\"><span style=\"font-size:14px;\"><span style=\"font-size:14px;\"><span style=\"font-size:14px;\"> <span style=\"font-size:14px;\">E-Mail-Adresse:&nbsp;<\/span><\/span><\/span><span style=\"font-size:14px;\"><span style=\"font-size:14px;\"><span style=\"font-size:14px;\"><span style=\"font-size:14px;\">info@mcm-systeme.de<\/span><\/span><\/span><\/span> :<\/span><\/span><\/span><\/span><\/p>\n<p>&#8211; Hiermit widerrufe(n) ich\/ wir (*) den von mir\/ uns (*) abgeschlossenen Vertrag &uuml;ber den Kauf der folgenden Waren (*)\/<br \/>\n&nbsp; die Erbringung der folgenden Dienstleistung (*)<\/p>\n<p>&#8211; Bestellt am (*)\/ erhalten am (*)<\/p>\n<p>&#8211; Name des\/ der Verbraucher(s)<br \/>\n&#8211; Anschrift des\/ der Verbraucher(s)<br \/>\n&#8211; Unterschrift des\/ der Verbraucher(s) (nur bei Mitteilung auf Papier)<br \/>\n&#8211; Datum<\/p>\n<p>(*) Unzutreffendes streichen.<\/span><\/p>\n","protected":false},"excerpt":{"rendered":"<p>Widerrufsrecht f&uuml;r Verbraucher&nbsp; (Verbraucher ist jede nat&uuml;rliche Person, die ein Rechtsgesch&auml;ft zu Zwecken abschlie&szlig;t, die &uuml;berwiegend weder ihrer gewerblichen noch ihrer selbstst&auml;ndigen beruflichen T&auml;tigkeit zugerechnet werden k&ouml;nnen.) Widerrufsbelehrung Widerrufsrecht Sie haben das Recht, binnen 14 Tagen ohne Angabe von Gr&uuml;nden diesen Vertrag zu widerrufen. Die Widerrufsfrist betr&auml;gt 14 Tage ab &hellip;<\/p>\n","protected":false},"author":1,"featured_media":0,"parent":0,"menu_order":0,"comment_status":"closed","ping_status":"closed","template":"","meta":{"_crdt_document":"","_lmt_disableupdate":"","_lmt_disable":"","footnotes":""},"class_list":["post-2279","page","type-page","status-publish","hentry"],"jetpack-related-posts":[{"id":483,"url":"https:\/\/www.mcm-systeme.de\/ratgeber\/privacy","url_meta":{"origin":2279,"position":0},"title":"Datenschutzerkl&auml;rung","author":"Chris Masurek","date":"12. M\u00e4rz 2017","format":false,"excerpt":"Datenschutzerkl\u00e4rung Soweit nachstehend keine anderen Angaben gemacht werden, ist die Bereitstellung Ihrer personenbezogenen Daten weder gesetzlich oder vertraglich vorgeschrieben, noch f\u00fcr einen Vertragsabschluss erforderlich. Sie sind zur Bereitstellung der Daten nicht verpflichtet. Eine Nichtbereitstellung hat keine Folgen. Dies gilt nur soweit bei den nachfolgenden Verarbeitungsvorg\u00e4ngen keine anderweitige Angabe gemacht wird.\u2026","rel":"","context":"\u00c4hnlicher Beitrag","block_context":{"text":"\u00c4hnlicher Beitrag","link":""},"img":{"alt_text":"","src":"","width":0,"height":0},"classes":[]},{"id":2277,"url":"https:\/\/www.mcm-systeme.de\/ratgeber\/allgemeine_geschaeftsbedingungen","url_meta":{"origin":2279,"position":1},"title":"Allgemeine Gesch\u00e4ftsbedingungen","author":"Chris Masurek","date":"9. Juli 2022","format":false,"excerpt":"Allgemeine Gesch\u00e4ftsbedingungen und Kundeninformationen I. Allgemeine Gesch\u00e4ftsbedingungen \u00a7 1 Grundlegende Bestimmungen (1) Die nachstehenden Gesch\u00e4ftsbedingungen gelten f\u00fcr Vertr\u00e4ge, die Sie mit uns als Anbieter (GbR Masurek, Chris\/Baum, Marc) \u00fcber die Internetseite www.mcm-systeme.de schlie\u00dfen. Soweit nicht anders vereinbart, wird der Einbeziehung gegebenenfalls von Ihnen verwendeter eigener Bedingungen widersprochen. (2) Verbraucher im\u2026","rel":"","context":"\u00c4hnlicher Beitrag","block_context":{"text":"\u00c4hnlicher Beitrag","link":""},"img":{"alt_text":"","src":"","width":0,"height":0},"classes":[]},{"id":481,"url":"https:\/\/www.mcm-systeme.de\/ratgeber\/imprint","url_meta":{"origin":2279,"position":2},"title":"Impressum","author":"Chris Masurek","date":"12. M\u00e4rz 2017","format":false,"excerpt":"Impressum Gesetzliche Anbieterkennung: GbR Masurek, Chris\/Baum, Marc vertreten durch die Gesellschafter: Marc Baum, Chris Masurek Albertstra\u00dfe 4 41751 Viersen Deutschland Telefon: +49 2162 815 2964 E-Mail: info@mcm-systeme.de USt-IdNr.: DE269080158 E-Mail: info@mcm-systeme.de USt-IdNr.: DE269080158 Alternative Streitbeilegung: Die Europ\u00e4ische Kommission stellt eine Plattform f\u00fcr die au\u00dfergerichtliche Online-Streitbeilegung (OS-Plattform) bereit, aufrufbar unter\u00a0https:\/\/ec.europa.eu\/odr. Wir\u2026","rel":"","context":"\u00c4hnlicher Beitrag","block_context":{"text":"\u00c4hnlicher Beitrag","link":""},"img":{"alt_text":"","src":"","width":0,"height":0},"classes":[]},{"id":1076,"url":"https:\/\/www.mcm-systeme.de\/ratgeber\/informationen-zu-cookies","url_meta":{"origin":2279,"position":3},"title":"Informationen zu Cookies","author":"Chris Masurek","date":"27. M\u00e4rz 2017","format":false,"excerpt":"Was ist ein Cookie? Ein Cookie ist eine kleine Textdatei die auf Ihrem Computer gespeichert wird, wenn Sie eine Webseite besuchen. Diese Textdatei speichert Informationen, welche von der Webseite gelesen werden k\u00f6nnen, wenn Sie diese zu einem sp\u00e4teren Zeitpunkt erneut besuchen. Einige Cookies sind notwendig, damit die Seite einwandfrei funktionieren\u2026","rel":"","context":"\u00c4hnlicher Beitrag","block_context":{"text":"\u00c4hnlicher Beitrag","link":""},"img":{"alt_text":"","src":"","width":0,"height":0},"classes":[]}],"jetpack_sharing_enabled":true,"_links":{"self":[{"href":"https:\/\/www.mcm-systeme.de\/ratgeber\/wp-json\/wp\/v2\/pages\/2279","targetHints":{"allow":["GET"]}}],"collection":[{"href":"https:\/\/www.mcm-systeme.de\/ratgeber\/wp-json\/wp\/v2\/pages"}],"about":[{"href":"https:\/\/www.mcm-systeme.de\/ratgeber\/wp-json\/wp\/v2\/types\/page"}],"author":[{"embeddable":true,"href":"https:\/\/www.mcm-systeme.de\/ratgeber\/wp-json\/wp\/v2\/users\/1"}],"replies":[{"embeddable":true,"href":"https:\/\/www.mcm-systeme.de\/ratgeber\/wp-json\/wp\/v2\/comments?post=2279"}],"version-history":[{"count":0,"href":"https:\/\/www.mcm-systeme.de\/ratgeber\/wp-json\/wp\/v2\/pages\/2279\/revisions"}],"wp:attachment":[{"href":"https:\/\/www.mcm-systeme.de\/ratgeber\/wp-json\/wp\/v2\/media?parent=2279"}],"curies":[{"name":"wp","href":"https:\/\/api.w.org\/{rel}","templated":true}]}}