{"id":1076,"date":"2017-03-27T11:08:15","date_gmt":"2017-03-27T09:08:15","guid":{"rendered":"https:\/\/www.mcm-systeme.de\/ratgeber\/?page_id=1076"},"modified":"2017-03-27T11:08:15","modified_gmt":"2017-03-27T09:08:15","slug":"informationen-zu-cookies","status":"publish","type":"page","link":"https:\/\/www.mcm-systeme.de\/ratgeber\/informationen-zu-cookies","title":{"rendered":"Informationen zu Cookies"},"content":{"rendered":"<h2>Was ist ein Cookie?<\/h2>\n<p>Ein Cookie ist eine kleine Textdatei die auf Ihrem Computer gespeichert wird, wenn Sie eine Webseite besuchen. Diese Textdatei speichert Informationen, welche von der Webseite gelesen werden k\u00f6nnen, wenn Sie diese zu einem sp\u00e4teren Zeitpunkt erneut besuchen. Einige Cookies sind notwendig, damit die Seite einwandfrei funktionieren kann. Andere Cookies sind vorteilhaft f\u00fcr den Besucher: sie speichern den Usernamen auf genauso sichere Weise, wie zum Beispiel die Spracheinstellungen. Die Cookies dienen dazu, dass Sie die gleichen Informationen nicht jedes Mal eingeben m\u00fcssen, wenn Sie eine Website erneut besuchen.<\/p>\n<h2>Wof\u00fcr nutzen wir Cookies?<\/h2>\n<p>Einige Cookies werden von uns genutzt, um das Nutzerverhalten auf unseren Seiten anonymisiert aufzuzeichnen. Dadurch erhalten wir statistische Aussagen dar\u00fcber, mit welchen Suchbegriffen die Benutzer unsere Seite gefunden und welche Suchanfragen zum Beispiel zu einem Kauf gef\u00fchrt haben. Durch die Auswertung dieser Daten k\u00f6nnen wir den Besuchern ein besseres Einkaufserlebnis bieten und die Webseiten weiter auf die Bed\u00fcrfnisse der Nutzer optimieren.<\/p>\n<h2>Wie kann ich die Speicherung von Cookies deaktivieren?<\/h2>\n<p>Um eine Speicherung von Cookies zu unterbinden, k\u00f6nnen Sie Ihre Browsereinstellungen wie folgt anpassen.<\/p>\n<h3>Firefox:<\/h3>\n<ul class=\"nav\">\n<li>1. \u00d6ffnen Sie den Firefox Browser.<\/li>\n<li>2. Dr\u00fccken Sie die \u201eAlt\u201c Taste auf Ihrer Tastatur.<\/li>\n<li>3. W\u00e4hlen Sie \u201eMen\u00fc\u201c und dann \u201eOptionen\u201c in Ihrer Funktionsleiste.<\/li>\n<li>4. W\u00e4hlen Sie den Reiter \u201ePrivatsph\u00e4re\u201c aus.<\/li>\n<li>5. W\u00e4hlen Sie f\u00fcr \u201eFirefox wird eine Chronik:\u201c \u201enach benutzerdefinierten Einstellungen anlegen\u201c aus.<\/li>\n<li>6. Entfernen Sie die Markierung \u201eCookies akzeptieren\u201c und speichern Sie Ihre Einstellungen.<\/li>\n<\/ul>\n<h3>Internet Explorer:<\/h3>\n<ul class=\"nav\">\n<li>1. \u00d6ffnen Sie den Internet Explorer.<\/li>\n<li>2. Klicken Sie auf die Schaltfl\u00e4che \u201eExtras\u201c und dann auf \u201eInternetoptionen\u201c.<\/li>\n<li>3. Klicken Sie auf die Registerkarte \u201eDatenschutz\u201c.<\/li>\n<li>4. Im Reiter \u201eCookies\u201c k\u00f6nnen Sie die Markierung entfernen und Ihre Einstellungen speichern.<\/li>\n<\/ul>\n<h3>Google Chrome:<\/h3>\n<ul class=\"nav\">\n<li>1. \u00d6ffnen Sie Google Chrome.<\/li>\n<li>2. W\u00e4hlen Sie \u201eEinstellungen\u201c aus.<\/li>\n<li>3. Klicken Sie auf \u201eErweiterte Einstellungen anzeigen\u201c.<\/li>\n<li>4. Klicken Sie im Reiter \u201eDatenschutz\u201c auf \u201eInhaltseinstellungen\u201c.<\/li>\n<li>5. Im Abschnitt \u201eCookies\u201c k\u00f6nnen Sie diese deaktivieren und Ihre Einstellungen speichern.<\/li>\n<\/ul>\n<h3>Safari:<\/h3>\n<ul class=\"nav\">\n<li>1. \u00d6ffnen Sie Safari.<\/li>\n<li>2. W\u00e4hlen Sie \u201eEinstellungen\u201c in der Funktionsliste (graues Zahnrad in der oberen, rechten Ecke) und klicken Sie auf \u201ePrivatsph\u00e4re\u201c.<\/li>\n<li>3. Unter \u201eCookies akzeptieren\u201c k\u00f6nnen Sie spezifizieren ob und wann Safari Cookies von Websites akzeptieren soll. F\u00fcr mehr Informationen klicken Sie auf Hilfe (?).<\/li>\n<li>4. Wenn Sie mehr \u00fcber die Cookies erfahren m\u00f6chten, die auf Ihrem Computer gespeichert werden, dann klicken Sie auf \u201eCookies anzeigen\u201c.<\/li>\n<\/ul>\n","protected":false},"excerpt":{"rendered":"<p>Was ist ein Cookie? Ein Cookie ist eine kleine Textdatei die auf Ihrem Computer gespeichert wird, wenn Sie eine Webseite besuchen. Diese Textdatei speichert Informationen, welche von der Webseite gelesen werden k\u00f6nnen, wenn Sie diese zu einem sp\u00e4teren Zeitpunkt erneut besuchen. Einige Cookies sind notwendig, damit die Seite einwandfrei funktionieren &hellip;<\/p>\n","protected":false},"author":1,"featured_media":0,"parent":0,"menu_order":0,"comment_status":"closed","ping_status":"closed","template":"","meta":{"_crdt_document":"","_lmt_disableupdate":"","_lmt_disable":"","footnotes":""},"class_list":["post-1076","page","type-page","status-publish","hentry"],"jetpack-related-posts":[{"id":483,"url":"https:\/\/www.mcm-systeme.de\/ratgeber\/privacy","url_meta":{"origin":1076,"position":0},"title":"Datenschutzerkl&auml;rung","author":"Chris Masurek","date":"12. M\u00e4rz 2017","format":false,"excerpt":"Datenschutzerkl\u00e4rung Soweit nachstehend keine anderen Angaben gemacht werden, ist die Bereitstellung Ihrer personenbezogenen Daten weder gesetzlich oder vertraglich vorgeschrieben, noch f\u00fcr einen Vertragsabschluss erforderlich. Sie sind zur Bereitstellung der Daten nicht verpflichtet. Eine Nichtbereitstellung hat keine Folgen. Dies gilt nur soweit bei den nachfolgenden Verarbeitungsvorg\u00e4ngen keine anderweitige Angabe gemacht wird.\u2026","rel":"","context":"\u00c4hnlicher Beitrag","block_context":{"text":"\u00c4hnlicher Beitrag","link":""},"img":{"alt_text":"","src":"","width":0,"height":0},"classes":[]},{"id":2277,"url":"https:\/\/www.mcm-systeme.de\/ratgeber\/allgemeine_geschaeftsbedingungen","url_meta":{"origin":1076,"position":1},"title":"Allgemeine Gesch\u00e4ftsbedingungen","author":"Chris Masurek","date":"9. Juli 2022","format":false,"excerpt":"Allgemeine Gesch\u00e4ftsbedingungen und Kundeninformationen I. Allgemeine Gesch\u00e4ftsbedingungen \u00a7 1 Grundlegende Bestimmungen (1) Die nachstehenden Gesch\u00e4ftsbedingungen gelten f\u00fcr Vertr\u00e4ge, die Sie mit uns als Anbieter (GbR Masurek, Chris\/Baum, Marc) \u00fcber die Internetseite www.mcm-systeme.de schlie\u00dfen. Soweit nicht anders vereinbart, wird der Einbeziehung gegebenenfalls von Ihnen verwendeter eigener Bedingungen widersprochen. (2) Verbraucher im\u2026","rel":"","context":"\u00c4hnlicher Beitrag","block_context":{"text":"\u00c4hnlicher Beitrag","link":""},"img":{"alt_text":"","src":"","width":0,"height":0},"classes":[]},{"id":481,"url":"https:\/\/www.mcm-systeme.de\/ratgeber\/imprint","url_meta":{"origin":1076,"position":2},"title":"Impressum","author":"Chris Masurek","date":"12. M\u00e4rz 2017","format":false,"excerpt":"Impressum Gesetzliche Anbieterkennung: GbR Masurek, Chris\/Baum, Marc vertreten durch die Gesellschafter: Marc Baum, Chris Masurek Albertstra\u00dfe 4 41751 Viersen Deutschland Telefon: +49 2162 815 2964 E-Mail: info@mcm-systeme.de USt-IdNr.: DE269080158 E-Mail: info@mcm-systeme.de USt-IdNr.: DE269080158 Alternative Streitbeilegung: Die Europ\u00e4ische Kommission stellt eine Plattform f\u00fcr die au\u00dfergerichtliche Online-Streitbeilegung (OS-Plattform) bereit, aufrufbar unter\u00a0https:\/\/ec.europa.eu\/odr. Wir\u2026","rel":"","context":"\u00c4hnlicher Beitrag","block_context":{"text":"\u00c4hnlicher Beitrag","link":""},"img":{"alt_text":"","src":"","width":0,"height":0},"classes":[]},{"id":2279,"url":"https:\/\/www.mcm-systeme.de\/ratgeber\/widerrufsbelehrung1","url_meta":{"origin":1076,"position":3},"title":"Widerrufsbelehrung","author":"Chris Masurek","date":"9. Juli 2022","format":false,"excerpt":"Widerrufsrecht f\u00fcr Verbraucher\u00a0 (Verbraucher ist jede nat\u00fcrliche Person, die ein Rechtsgesch\u00e4ft zu Zwecken abschlie\u00dft, die \u00fcberwiegend weder ihrer gewerblichen noch ihrer selbstst\u00e4ndigen beruflichen T\u00e4tigkeit zugerechnet werden k\u00f6nnen.) Widerrufsbelehrung Widerrufsrecht Sie haben das Recht, binnen 14 Tagen ohne Angabe von Gr\u00fcnden diesen Vertrag zu widerrufen. Die Widerrufsfrist betr\u00e4gt 14 Tage ab\u2026","rel":"","context":"\u00c4hnlicher Beitrag","block_context":{"text":"\u00c4hnlicher Beitrag","link":""},"img":{"alt_text":"","src":"","width":0,"height":0},"classes":[]}],"jetpack_sharing_enabled":true,"_links":{"self":[{"href":"https:\/\/www.mcm-systeme.de\/ratgeber\/wp-json\/wp\/v2\/pages\/1076","targetHints":{"allow":["GET"]}}],"collection":[{"href":"https:\/\/www.mcm-systeme.de\/ratgeber\/wp-json\/wp\/v2\/pages"}],"about":[{"href":"https:\/\/www.mcm-systeme.de\/ratgeber\/wp-json\/wp\/v2\/types\/page"}],"author":[{"embeddable":true,"href":"https:\/\/www.mcm-systeme.de\/ratgeber\/wp-json\/wp\/v2\/users\/1"}],"replies":[{"embeddable":true,"href":"https:\/\/www.mcm-systeme.de\/ratgeber\/wp-json\/wp\/v2\/comments?post=1076"}],"version-history":[{"count":1,"href":"https:\/\/www.mcm-systeme.de\/ratgeber\/wp-json\/wp\/v2\/pages\/1076\/revisions"}],"predecessor-version":[{"id":1077,"href":"https:\/\/www.mcm-systeme.de\/ratgeber\/wp-json\/wp\/v2\/pages\/1076\/revisions\/1077"}],"wp:attachment":[{"href":"https:\/\/www.mcm-systeme.de\/ratgeber\/wp-json\/wp\/v2\/media?parent=1076"}],"curies":[{"name":"wp","href":"https:\/\/api.w.org\/{rel}","templated":true}]}}